{"id":6217,"date":"2022-03-21T12:42:44","date_gmt":"2022-03-21T12:42:44","guid":{"rendered":"https:\/\/accesit.md\/blog-stiri-si-evenimente\/"},"modified":"2022-08-04T08:02:22","modified_gmt":"2022-08-04T08:02:22","slug":"blog-stiri-si-evenimente","status":"publish","type":"page","link":"https:\/\/accesit.md\/ro\/blog-stiri-si-evenimente\/","title":{"rendered":"Blog, \u0219tiri \u0219i evenimente"},"content":{"rendered":"\t\t<div data-elementor-type=\"wp-page\" data-elementor-id=\"6217\" class=\"elementor elementor-6217 elementor-6194\" data-elementor-post-type=\"page\">\n\t\t\t\t\t\t<section class=\"elementor-section elementor-top-section elementor-element elementor-element-6d70a63 elementor-section-boxed elementor-section-height-default elementor-section-height-default\" data-id=\"6d70a63\" data-element_type=\"section\" data-e-type=\"section\">\n\t\t\t\t\t\t<div class=\"elementor-container elementor-column-gap-default\">\n\t\t\t\t\t<div class=\"elementor-column elementor-col-100 elementor-top-column elementor-element elementor-element-0eddee2\" data-id=\"0eddee2\" data-element_type=\"column\" data-e-type=\"column\">\n\t\t\t<div class=\"elementor-widget-wrap elementor-element-populated\">\n\t\t\t\t\t\t<div class=\"elementor-element elementor-element-84324af elementor-widget elementor-widget-heading\" data-id=\"84324af\" data-element_type=\"widget\" data-e-type=\"widget\" data-widget_type=\"heading.default\">\n\t\t\t\t\t<h2 class=\"elementor-heading-title elementor-size-default\">Blog, \u0219tiri \u0219i evenimente<\/h2>\t\t\t\t<\/div>\n\t\t\t\t\t<\/div>\n\t\t<\/div>\n\t\t\t\t\t<\/div>\n\t\t<\/section>\n\t\t\t\t<\/div>\n\t\t","protected":false},"excerpt":{"rendered":"<p>Blog, \u0219tiri \u0219i evenimente<\/p>\n","protected":false},"author":1,"featured_media":0,"parent":0,"menu_order":0,"comment_status":"closed","ping_status":"closed","template":"elementor_header_footer","meta":{"_eb_attr":"","footnotes":""},"class_list":["post-6217","page","type-page","status-publish"],"yoast_head":"<!-- This site is optimized with the Yoast SEO plugin v27.2 - https:\/\/yoast.com\/product\/yoast-seo-wordpress\/ -->\n<title>Cele Mai Importante \u0218tiri \u0218i Evenimente, Precum \u0218i Articole De Blog Actuale Cu R\u0103spunsuri La \u00centreb\u0103rile Clien\u021bilor No\u0219tri<\/title>\n<meta name=\"description\" content=\"Fi\u021bi la curent cu ofertele noastre actuale. Consulta\u021bi noile colec\u021bii ale produc\u0103torilor italieni de mobilier \u0219i decor. Afla\u021bi cum s\u0103 alege\u021bi mobilierul, instala\u021biile sanitare, solu\u021biile de iluminat potrivite.\" \/>\n<meta name=\"robots\" content=\"index, follow, max-snippet:-1, max-image-preview:large, max-video-preview:-1\" \/>\n<link rel=\"canonical\" href=\"https:\/\/accesit.md\/ro\/blog-stiri-si-evenimente\/\" \/>\n<meta property=\"og:locale\" content=\"ro_RO\" \/>\n<meta property=\"og:type\" content=\"article\" \/>\n<meta property=\"og:title\" content=\"Cele Mai Importante \u0218tiri \u0218i Evenimente, Precum \u0218i Articole De Blog Actuale Cu R\u0103spunsuri La \u00centreb\u0103rile Clien\u021bilor No\u0219tri\" \/>\n<meta property=\"og:description\" content=\"Fi\u021bi la curent cu ofertele noastre actuale. Consulta\u021bi noile colec\u021bii ale produc\u0103torilor italieni de mobilier \u0219i decor. Afla\u021bi cum s\u0103 alege\u021bi mobilierul, instala\u021biile sanitare, solu\u021biile de iluminat potrivite.\" \/>\n<meta property=\"og:url\" content=\"https:\/\/accesit.md\/ro\/blog-stiri-si-evenimente\/\" \/>\n<meta property=\"og:site_name\" content=\"Accesit\" \/>\n<meta property=\"article:modified_time\" content=\"2022-08-04T08:02:22+00:00\" \/>\n<meta name=\"twitter:card\" content=\"summary_large_image\" \/>\n<meta name=\"twitter:label1\" content=\"Est. reading time\" \/>\n\t<meta name=\"twitter:data1\" content=\"1 minute\" \/>\n<script type=\"application\/ld+json\" class=\"yoast-schema-graph\">{\"@context\":\"https:\/\/schema.org\",\"@graph\":[{\"@type\":\"WebPage\",\"@id\":\"https:\/\/accesit.md\/ro\/blog-stiri-si-evenimente\/\",\"url\":\"https:\/\/accesit.md\/ro\/blog-stiri-si-evenimente\/\",\"name\":\"Cele Mai Importante \u0218tiri \u0218i Evenimente, Precum \u0218i Articole De Blog Actuale Cu R\u0103spunsuri La \u00centreb\u0103rile Clien\u021bilor No\u0219tri\",\"isPartOf\":{\"@id\":\"https:\/\/accesit.md\/ro\/#website\"},\"datePublished\":\"2022-03-21T12:42:44+00:00\",\"dateModified\":\"2022-08-04T08:02:22+00:00\",\"description\":\"Fi\u021bi la curent cu ofertele noastre actuale. Consulta\u021bi noile colec\u021bii ale produc\u0103torilor italieni de mobilier \u0219i decor. Afla\u021bi cum s\u0103 alege\u021bi mobilierul, instala\u021biile sanitare, solu\u021biile de iluminat potrivite.\",\"inLanguage\":\"ro-RO\",\"potentialAction\":[{\"@type\":\"ReadAction\",\"target\":[\"https:\/\/accesit.md\/ro\/blog-stiri-si-evenimente\/\"]}]},{\"@type\":\"WebSite\",\"@id\":\"https:\/\/accesit.md\/ro\/#website\",\"url\":\"https:\/\/accesit.md\/ro\/\",\"name\":\"Accesit\",\"description\":\"\",\"publisher\":{\"@id\":\"https:\/\/accesit.md\/ro\/#organization\"},\"potentialAction\":[{\"@type\":\"SearchAction\",\"target\":{\"@type\":\"EntryPoint\",\"urlTemplate\":\"https:\/\/accesit.md\/ro\/?s={search_term_string}\"},\"query-input\":{\"@type\":\"PropertyValueSpecification\",\"valueRequired\":true,\"valueName\":\"search_term_string\"}}],\"inLanguage\":\"ro-RO\"},{\"@type\":\"Organization\",\"@id\":\"https:\/\/accesit.md\/ro\/#organization\",\"name\":\"ACCESIT\",\"url\":\"https:\/\/accesit.md\/ro\/\",\"logo\":{\"@type\":\"ImageObject\",\"inLanguage\":\"ro-RO\",\"@id\":\"https:\/\/accesit.md\/ro\/#\/schema\/logo\/image\/\",\"url\":\"https:\/\/accesit.md\/wp-content\/uploads\/2022\/02\/logo_accesit-scaled.webp\",\"contentUrl\":\"https:\/\/accesit.md\/wp-content\/uploads\/2022\/02\/logo_accesit-scaled.webp\",\"width\":2560,\"height\":622,\"caption\":\"ACCESIT\"},\"image\":{\"@id\":\"https:\/\/accesit.md\/ro\/#\/schema\/logo\/image\/\"}}]}<\/script>\n<!-- \/ Yoast SEO plugin. -->","yoast_head_json":{"title":"Cele Mai Importante \u0218tiri \u0218i Evenimente, Precum \u0218i Articole De Blog Actuale Cu R\u0103spunsuri La \u00centreb\u0103rile Clien\u021bilor No\u0219tri","description":"Fi\u021bi la curent cu ofertele noastre actuale. Consulta\u021bi noile colec\u021bii ale produc\u0103torilor italieni de mobilier \u0219i decor. Afla\u021bi cum s\u0103 alege\u021bi mobilierul, instala\u021biile sanitare, solu\u021biile de iluminat potrivite.","robots":{"index":"index","follow":"follow","max-snippet":"max-snippet:-1","max-image-preview":"max-image-preview:large","max-video-preview":"max-video-preview:-1"},"canonical":"https:\/\/accesit.md\/ro\/blog-stiri-si-evenimente\/","og_locale":"ro_RO","og_type":"article","og_title":"Cele Mai Importante \u0218tiri \u0218i Evenimente, Precum \u0218i Articole De Blog Actuale Cu R\u0103spunsuri La \u00centreb\u0103rile Clien\u021bilor No\u0219tri","og_description":"Fi\u021bi la curent cu ofertele noastre actuale. Consulta\u021bi noile colec\u021bii ale produc\u0103torilor italieni de mobilier \u0219i decor. Afla\u021bi cum s\u0103 alege\u021bi mobilierul, instala\u021biile sanitare, solu\u021biile de iluminat potrivite.","og_url":"https:\/\/accesit.md\/ro\/blog-stiri-si-evenimente\/","og_site_name":"Accesit","article_modified_time":"2022-08-04T08:02:22+00:00","twitter_card":"summary_large_image","twitter_misc":{"Est. reading time":"1 minute"},"schema":{"@context":"https:\/\/schema.org","@graph":[{"@type":"WebPage","@id":"https:\/\/accesit.md\/ro\/blog-stiri-si-evenimente\/","url":"https:\/\/accesit.md\/ro\/blog-stiri-si-evenimente\/","name":"Cele Mai Importante \u0218tiri \u0218i Evenimente, Precum \u0218i Articole De Blog Actuale Cu R\u0103spunsuri La \u00centreb\u0103rile Clien\u021bilor No\u0219tri","isPartOf":{"@id":"https:\/\/accesit.md\/ro\/#website"},"datePublished":"2022-03-21T12:42:44+00:00","dateModified":"2022-08-04T08:02:22+00:00","description":"Fi\u021bi la curent cu ofertele noastre actuale. Consulta\u021bi noile colec\u021bii ale produc\u0103torilor italieni de mobilier \u0219i decor. Afla\u021bi cum s\u0103 alege\u021bi mobilierul, instala\u021biile sanitare, solu\u021biile de iluminat potrivite.","inLanguage":"ro-RO","potentialAction":[{"@type":"ReadAction","target":["https:\/\/accesit.md\/ro\/blog-stiri-si-evenimente\/"]}]},{"@type":"WebSite","@id":"https:\/\/accesit.md\/ro\/#website","url":"https:\/\/accesit.md\/ro\/","name":"Accesit","description":"","publisher":{"@id":"https:\/\/accesit.md\/ro\/#organization"},"potentialAction":[{"@type":"SearchAction","target":{"@type":"EntryPoint","urlTemplate":"https:\/\/accesit.md\/ro\/?s={search_term_string}"},"query-input":{"@type":"PropertyValueSpecification","valueRequired":true,"valueName":"search_term_string"}}],"inLanguage":"ro-RO"},{"@type":"Organization","@id":"https:\/\/accesit.md\/ro\/#organization","name":"ACCESIT","url":"https:\/\/accesit.md\/ro\/","logo":{"@type":"ImageObject","inLanguage":"ro-RO","@id":"https:\/\/accesit.md\/ro\/#\/schema\/logo\/image\/","url":"https:\/\/accesit.md\/wp-content\/uploads\/2022\/02\/logo_accesit-scaled.webp","contentUrl":"https:\/\/accesit.md\/wp-content\/uploads\/2022\/02\/logo_accesit-scaled.webp","width":2560,"height":622,"caption":"ACCESIT"},"image":{"@id":"https:\/\/accesit.md\/ro\/#\/schema\/logo\/image\/"}}]}},"_links":{"self":[{"href":"https:\/\/accesit.md\/ro\/wp-json\/wp\/v2\/pages\/6217","targetHints":{"allow":["GET"]}}],"collection":[{"href":"https:\/\/accesit.md\/ro\/wp-json\/wp\/v2\/pages"}],"about":[{"href":"https:\/\/accesit.md\/ro\/wp-json\/wp\/v2\/types\/page"}],"author":[{"embeddable":true,"href":"https:\/\/accesit.md\/ro\/wp-json\/wp\/v2\/users\/1"}],"replies":[{"embeddable":true,"href":"https:\/\/accesit.md\/ro\/wp-json\/wp\/v2\/comments?post=6217"}],"version-history":[{"count":2,"href":"https:\/\/accesit.md\/ro\/wp-json\/wp\/v2\/pages\/6217\/revisions"}],"predecessor-version":[{"id":6406,"href":"https:\/\/accesit.md\/ro\/wp-json\/wp\/v2\/pages\/6217\/revisions\/6406"}],"wp:attachment":[{"href":"https:\/\/accesit.md\/ro\/wp-json\/wp\/v2\/media?parent=6217"}],"curies":[{"name":"wp","href":"https:\/\/api.w.org\/{rel}","templated":true}]}}