{"id":6133,"date":"2022-03-21T08:21:28","date_gmt":"2022-03-21T08:21:28","guid":{"rendered":"https:\/\/accesit.md\/contacte\/"},"modified":"2025-05-12T14:57:57","modified_gmt":"2025-05-12T14:57:57","slug":"contacte","status":"publish","type":"page","link":"https:\/\/accesit.md\/ro\/contacte\/","title":{"rendered":"Contacte"},"content":{"rendered":"\t\t<div data-elementor-type=\"wp-page\" data-elementor-id=\"6133\" class=\"elementor elementor-6133 elementor-5996\" data-elementor-post-type=\"page\">\n\t\t\t\t\t\t<section class=\"elementor-section elementor-top-section elementor-element elementor-element-0ddef7b elementor-section-boxed elementor-section-height-default elementor-section-height-default\" data-id=\"0ddef7b\" data-element_type=\"section\" data-e-type=\"section\">\n\t\t\t\t\t\t<div class=\"elementor-container elementor-column-gap-default\">\n\t\t\t\t\t<div class=\"elementor-column elementor-col-100 elementor-top-column elementor-element elementor-element-e5b3e26\" data-id=\"e5b3e26\" data-element_type=\"column\" data-e-type=\"column\">\n\t\t\t<div class=\"elementor-widget-wrap elementor-element-populated\">\n\t\t\t\t\t\t<div class=\"elementor-element elementor-element-b0bd1f3 elementor-widget elementor-widget-heading\" data-id=\"b0bd1f3\" data-element_type=\"widget\" data-e-type=\"widget\" data-widget_type=\"heading.default\">\n\t\t\t\t\t<h2 class=\"elementor-heading-title elementor-size-default\">Contacte<\/h2>\t\t\t\t<\/div>\n\t\t\t\t<section class=\"elementor-section elementor-inner-section elementor-element elementor-element-406cdef elementor-section-content-middle elementor-section-boxed elementor-section-height-default elementor-section-height-default\" data-id=\"406cdef\" data-element_type=\"section\" data-e-type=\"section\" data-settings=\"{&quot;background_background&quot;:&quot;classic&quot;}\">\n\t\t\t\t\t\t<div class=\"elementor-container elementor-column-gap-default\">\n\t\t\t\t\t<div class=\"elementor-column elementor-col-50 elementor-inner-column elementor-element elementor-element-a5c8cd9\" data-id=\"a5c8cd9\" data-element_type=\"column\" data-e-type=\"column\">\n\t\t\t<div class=\"elementor-widget-wrap elementor-element-populated\">\n\t\t\t\t\t\t<div class=\"elementor-element elementor-element-8ae0cbf elementor-widget elementor-widget-heading\" data-id=\"8ae0cbf\" data-element_type=\"widget\" data-e-type=\"widget\" data-widget_type=\"heading.default\">\n\t\t\t\t\t<h3 class=\"elementor-heading-title elementor-size-default\">Scrie\u021bi-ne<\/h3>\t\t\t\t<\/div>\n\t\t\t\t<div class=\"elementor-element elementor-element-db975ce elementor-button-align-start elementor-widget elementor-widget-form\" data-id=\"db975ce\" data-element_type=\"widget\" data-e-type=\"widget\" data-settings=\"{&quot;step_next_label&quot;:&quot;Pagina urm\\u0103toare&quot;,&quot;step_previous_label&quot;:&quot;Pagina anterioar\\u0103&quot;,&quot;button_width&quot;:&quot;100&quot;,&quot;step_type&quot;:&quot;number_text&quot;,&quot;step_icon_shape&quot;:&quot;circle&quot;}\" data-widget_type=\"form.default\">\n\t\t\t\t\t\t\t<form class=\"elementor-form\" method=\"post\" name=\"Formularul nou\" aria-label=\"Formularul nou\">\n\t\t\t<input type=\"hidden\" name=\"post_id\" value=\"6133\"\/>\n\t\t\t<input type=\"hidden\" name=\"form_id\" value=\"db975ce\"\/>\n\t\t\t<input type=\"hidden\" name=\"referer_title\" value=\"Accesit\" \/>\n\n\t\t\t\n\t\t\t<div class=\"elementor-form-fields-wrapper elementor-labels-\">\n\t\t\t\t\t\t\t\t<div class=\"elementor-field-type-text elementor-field-group elementor-column elementor-field-group-name elementor-col-100 elementor-field-required\">\n\t\t\t\t\t\t\t\t\t\t\t\t\t<input size=\"1\" type=\"text\" name=\"form_fields[name]\" id=\"form-field-name\" class=\"elementor-field elementor-size-md  elementor-field-textual\" placeholder=\"Numele\" required=\"required\">\n\t\t\t\t\t\t\t\t\t\t\t<\/div>\n\t\t\t\t\t\t\t\t<div class=\"elementor-field-type-email elementor-field-group elementor-column elementor-field-group-field_1c7d005 elementor-col-100 elementor-field-required\">\n\t\t\t\t\t\t\t\t\t\t\t\t\t<input size=\"1\" type=\"email\" name=\"form_fields[field_1c7d005]\" id=\"form-field-field_1c7d005\" class=\"elementor-field elementor-size-md  elementor-field-textual\" placeholder=\"Email\" required=\"required\">\n\t\t\t\t\t\t\t\t\t\t\t<\/div>\n\t\t\t\t\t\t\t\t<div class=\"elementor-field-type-tel elementor-field-group elementor-column elementor-field-group-field_17f8b4a elementor-col-100 elementor-field-required\">\n\t\t\t\t\t\t\t<input size=\"1\" type=\"tel\" name=\"form_fields[field_17f8b4a]\" id=\"form-field-field_17f8b4a\" class=\"elementor-field elementor-size-md  elementor-field-textual\" placeholder=\"Num\u0103rul de telefon\" required=\"required\" pattern=\"[0-9()#&amp;+*-=.]+\" title=\"Only numbers and phone characters (#, -, *, etc) are accepted.\">\n\n\t\t\t\t\t\t<\/div>\n\t\t\t\t\t\t\t\t<div class=\"elementor-field-type-textarea elementor-field-group elementor-column elementor-field-group-field_1d9b0cf elementor-col-100\">\n\t\t\t\t\t<textarea class=\"elementor-field-textual elementor-field  elementor-size-md\" name=\"form_fields[field_1d9b0cf]\" id=\"form-field-field_1d9b0cf\" rows=\"4\" placeholder=\"Mesaj\"><\/textarea>\t\t\t\t<\/div>\n\t\t\t\t\t\t\t\t<div class=\"elementor-field-group elementor-column elementor-field-type-submit elementor-col-100 e-form__buttons\">\n\t\t\t\t\t<button class=\"elementor-button elementor-size-md\" type=\"submit\">\n\t\t\t\t\t\t<span class=\"elementor-button-content-wrapper\">\n\t\t\t\t\t\t\t\t\t\t\t\t\t\t\t\t\t\t\t\t\t\t<span class=\"elementor-button-text\">Trimite<\/span>\n\t\t\t\t\t\t\t\t\t\t\t\t\t<\/span>\n\t\t\t\t\t<\/button>\n\t\t\t\t<\/div>\n\t\t\t<\/div>\n\t\t<\/form>\n\t\t\t\t\t\t<\/div>\n\t\t\t\t\t<\/div>\n\t\t<\/div>\n\t\t\t\t<div class=\"elementor-column elementor-col-50 elementor-inner-column elementor-element elementor-element-dc87e6f\" data-id=\"dc87e6f\" data-element_type=\"column\" data-e-type=\"column\" data-settings=\"{&quot;background_background&quot;:&quot;classic&quot;}\">\n\t\t\t<div class=\"elementor-widget-wrap elementor-element-populated\">\n\t\t\t\t\t\t<div class=\"elementor-element elementor-element-5d6f0e9 elementor-widget elementor-widget-heading\" data-id=\"5d6f0e9\" data-element_type=\"widget\" data-e-type=\"widget\" data-widget_type=\"heading.default\">\n\t\t\t\t\t<h3 class=\"elementor-heading-title elementor-size-default\">Contactele noastre<\/h3>\t\t\t\t<\/div>\n\t\t\t\t<div class=\"elementor-element elementor-element-5c5bef1 elementor-widget elementor-widget-heading\" data-id=\"5c5bef1\" data-element_type=\"widget\" data-e-type=\"widget\" data-widget_type=\"heading.default\">\n\t\t\t\t\t<span class=\"elementor-heading-title elementor-size-default\"><b>Adresa:<\/b> str. Cojocarilor 18, Chisinau, Moldova<br><br><b>Orele de lucru:<\/b><br><b>Luni - Vineri:<\/b> De la 10:00 p\u00e2n\u0103 la 19:00<br><b>S\u00e2mb\u0103ta:<\/b> De la 10:00 p\u00e2n\u0103 la 16:00<br><b>Duminica:<\/b> Zi liber\u0103<br><b><br>Telefon:<\/b> <a href=\"tel:022830174\">022 830 174<\/a><\/span>\t\t\t\t<\/div>\n\t\t\t\t<div class=\"elementor-element elementor-element-6ae90f3 e-grid-align-left elementor-shape-rounded elementor-grid-0 elementor-widget elementor-widget-social-icons\" data-id=\"6ae90f3\" data-element_type=\"widget\" data-e-type=\"widget\" data-widget_type=\"social-icons.default\">\n\t\t\t\t\t\t\t<div class=\"elementor-social-icons-wrapper elementor-grid\" role=\"list\">\n\t\t\t\t\t\t\t<span class=\"elementor-grid-item\" role=\"listitem\">\n\t\t\t\t\t<a class=\"elementor-icon elementor-social-icon elementor-social-icon-facebook elementor-animation-float elementor-repeater-item-aae2f39\" href=\"https:\/\/www.facebook.com\/accesit.outdoor\/\" target=\"_blank\">\n\t\t\t\t\t\t<span class=\"elementor-screen-only\">Facebook<\/span>\n\t\t\t\t\t\t<svg aria-hidden=\"true\" class=\"e-font-icon-svg e-fab-facebook\" viewBox=\"0 0 512 512\" xmlns=\"http:\/\/www.w3.org\/2000\/svg\"><path d=\"M504 256C504 119 393 8 256 8S8 119 8 256c0 123.78 90.69 226.38 209.25 245V327.69h-63V256h63v-54.64c0-62.15 37-96.48 93.67-96.48 27.14 0 55.52 4.84 55.52 4.84v61h-31.28c-30.8 0-40.41 19.12-40.41 38.73V256h68.78l-11 71.69h-57.78V501C413.31 482.38 504 379.78 504 256z\"><\/path><\/svg>\t\t\t\t\t<\/a>\n\t\t\t\t<\/span>\n\t\t\t\t\t\t\t<span class=\"elementor-grid-item\" role=\"listitem\">\n\t\t\t\t\t<a class=\"elementor-icon elementor-social-icon elementor-social-icon-instagram elementor-animation-float elementor-repeater-item-86fffac\" href=\"https:\/\/www.instagram.com\/accesit_artstudio\/\" target=\"_blank\">\n\t\t\t\t\t\t<span class=\"elementor-screen-only\">Instagram<\/span>\n\t\t\t\t\t\t<svg aria-hidden=\"true\" class=\"e-font-icon-svg e-fab-instagram\" viewBox=\"0 0 448 512\" xmlns=\"http:\/\/www.w3.org\/2000\/svg\"><path d=\"M224.1 141c-63.6 0-114.9 51.3-114.9 114.9s51.3 114.9 114.9 114.9S339 319.5 339 255.9 287.7 141 224.1 141zm0 189.6c-41.1 0-74.7-33.5-74.7-74.7s33.5-74.7 74.7-74.7 74.7 33.5 74.7 74.7-33.6 74.7-74.7 74.7zm146.4-194.3c0 14.9-12 26.8-26.8 26.8-14.9 0-26.8-12-26.8-26.8s12-26.8 26.8-26.8 26.8 12 26.8 26.8zm76.1 27.2c-1.7-35.9-9.9-67.7-36.2-93.9-26.2-26.2-58-34.4-93.9-36.2-37-2.1-147.9-2.1-184.9 0-35.8 1.7-67.6 9.9-93.9 36.1s-34.4 58-36.2 93.9c-2.1 37-2.1 147.9 0 184.9 1.7 35.9 9.9 67.7 36.2 93.9s58 34.4 93.9 36.2c37 2.1 147.9 2.1 184.9 0 35.9-1.7 67.7-9.9 93.9-36.2 26.2-26.2 34.4-58 36.2-93.9 2.1-37 2.1-147.8 0-184.8zM398.8 388c-7.8 19.6-22.9 34.7-42.6 42.6-29.5 11.7-99.5 9-132.1 9s-102.7 2.6-132.1-9c-19.6-7.8-34.7-22.9-42.6-42.6-11.7-29.5-9-99.5-9-132.1s-2.6-102.7 9-132.1c7.8-19.6 22.9-34.7 42.6-42.6 29.5-11.7 99.5-9 132.1-9s102.7-2.6 132.1 9c19.6 7.8 34.7 22.9 42.6 42.6 11.7 29.5 9 99.5 9 132.1s2.7 102.7-9 132.1z\"><\/path><\/svg>\t\t\t\t\t<\/a>\n\t\t\t\t<\/span>\n\t\t\t\t\t<\/div>\n\t\t\t\t\t\t<\/div>\n\t\t\t\t\t<\/div>\n\t\t<\/div>\n\t\t\t\t\t<\/div>\n\t\t<\/section>\n\t\t\t\t\t<\/div>\n\t\t<\/div>\n\t\t\t\t\t<\/div>\n\t\t<\/section>\n\t\t\t\t<section class=\"elementor-section elementor-top-section elementor-element elementor-element-a8568f4 elementor-section-boxed elementor-section-height-default elementor-section-height-default\" data-id=\"a8568f4\" data-element_type=\"section\" data-e-type=\"section\">\n\t\t\t\t\t\t<div class=\"elementor-container elementor-column-gap-default\">\n\t\t\t\t\t<div class=\"elementor-column elementor-col-100 elementor-top-column elementor-element elementor-element-451edb8\" data-id=\"451edb8\" data-element_type=\"column\" data-e-type=\"column\">\n\t\t\t<div class=\"elementor-widget-wrap elementor-element-populated\">\n\t\t\t\t\t\t<div class=\"elementor-element elementor-element-43b4728 elementor-widget elementor-widget-google_maps\" data-id=\"43b4728\" data-element_type=\"widget\" data-e-type=\"widget\" data-widget_type=\"google_maps.default\">\n\t\t\t\t\t\t\t<div class=\"elementor-custom-embed\">\n\t\t\t<iframe loading=\"lazy\"\n\t\t\t\t\tsrc=\"https:\/\/maps.google.com\/maps?q=Cojocarilor%2018&#038;t=m&#038;z=18&#038;output=embed&#038;iwloc=near\"\n\t\t\t\t\ttitle=\"Cojocarilor 18\"\n\t\t\t\t\taria-label=\"Cojocarilor 18\"\n\t\t\t><\/iframe>\n\t\t<\/div>\n\t\t\t\t\t\t<\/div>\n\t\t\t\t\t<\/div>\n\t\t<\/div>\n\t\t\t\t\t<\/div>\n\t\t<\/section>\n\t\t\t\t<\/div>\n\t\t","protected":false},"excerpt":{"rendered":"<p>Contacte Scrie\u021bi-ne Contactele noastre Adresa: str. Cojocarilor 18, Chisinau, Moldova Orele de lucru:Luni &#8211; Vineri: De la 10:00 p\u00e2n\u0103 la 19:00S\u00e2mb\u0103ta: De la 10:00 p\u00e2n\u0103 la 16:00Duminica: Zi liber\u0103Telefon: 022 830 174 Facebook Instagram<\/p>\n","protected":false},"author":1,"featured_media":0,"parent":0,"menu_order":0,"comment_status":"closed","ping_status":"closed","template":"elementor_header_footer","meta":{"_eb_attr":"","footnotes":""},"class_list":["post-6133","page","type-page","status-publish"],"yoast_head":"<!-- This site is optimized with the Yoast SEO plugin v27.2 - https:\/\/yoast.com\/product\/yoast-seo-wordpress\/ -->\n<title>L\u0103sa\u021bi Un Mesaj Sau Un Num\u0103r De Telefon - V\u0103 Vom R\u0103spunde La Orice \u00centrebare<\/title>\n<meta name=\"description\" content=\"Furniza\u021bi speciali\u0219tilor no\u0219tri datele dvs. de contact - v\u0103 vom contacta \u00een orice mod convenabil pentru dvs. \u0219i vom r\u0103spunde la toate \u00eentreb\u0103rile dvs. despre mobila din Italia. Ve\u021bi r\u0103m\u00e2ne satisf\u0103cut\/\u0103 de serviciile noastre.\" \/>\n<meta name=\"robots\" content=\"index, follow, max-snippet:-1, max-image-preview:large, max-video-preview:-1\" \/>\n<link rel=\"canonical\" href=\"https:\/\/accesit.md\/ro\/contacte\/\" \/>\n<meta property=\"og:locale\" content=\"ro_RO\" \/>\n<meta property=\"og:type\" content=\"article\" \/>\n<meta property=\"og:title\" content=\"L\u0103sa\u021bi Un Mesaj Sau Un Num\u0103r De Telefon - V\u0103 Vom R\u0103spunde La Orice \u00centrebare\" \/>\n<meta property=\"og:description\" content=\"Furniza\u021bi speciali\u0219tilor no\u0219tri datele dvs. de contact - v\u0103 vom contacta \u00een orice mod convenabil pentru dvs. \u0219i vom r\u0103spunde la toate \u00eentreb\u0103rile dvs. despre mobila din Italia. Ve\u021bi r\u0103m\u00e2ne satisf\u0103cut\/\u0103 de serviciile noastre.\" \/>\n<meta property=\"og:url\" content=\"https:\/\/accesit.md\/ro\/contacte\/\" \/>\n<meta property=\"og:site_name\" content=\"Accesit\" \/>\n<meta property=\"article:modified_time\" content=\"2025-05-12T14:57:57+00:00\" \/>\n<meta name=\"twitter:card\" content=\"summary_large_image\" \/>\n<meta name=\"twitter:label1\" content=\"Est. reading time\" \/>\n\t<meta name=\"twitter:data1\" content=\"1 minute\" \/>\n<script type=\"application\/ld+json\" class=\"yoast-schema-graph\">{\"@context\":\"https:\/\/schema.org\",\"@graph\":[{\"@type\":\"WebPage\",\"@id\":\"https:\/\/accesit.md\/ro\/contacte\/\",\"url\":\"https:\/\/accesit.md\/ro\/contacte\/\",\"name\":\"L\u0103sa\u021bi Un Mesaj Sau Un Num\u0103r De Telefon - V\u0103 Vom R\u0103spunde La Orice \u00centrebare\",\"isPartOf\":{\"@id\":\"https:\/\/accesit.md\/ro\/#website\"},\"datePublished\":\"2022-03-21T08:21:28+00:00\",\"dateModified\":\"2025-05-12T14:57:57+00:00\",\"description\":\"Furniza\u021bi speciali\u0219tilor no\u0219tri datele dvs. de contact - v\u0103 vom contacta \u00een orice mod convenabil pentru dvs. \u0219i vom r\u0103spunde la toate \u00eentreb\u0103rile dvs. despre mobila din Italia. Ve\u021bi r\u0103m\u00e2ne satisf\u0103cut\/\u0103 de serviciile noastre.\",\"inLanguage\":\"ro-RO\",\"potentialAction\":[{\"@type\":\"ReadAction\",\"target\":[\"https:\/\/accesit.md\/ro\/contacte\/\"]}]},{\"@type\":\"WebSite\",\"@id\":\"https:\/\/accesit.md\/ro\/#website\",\"url\":\"https:\/\/accesit.md\/ro\/\",\"name\":\"Accesit\",\"description\":\"\",\"publisher\":{\"@id\":\"https:\/\/accesit.md\/ro\/#organization\"},\"potentialAction\":[{\"@type\":\"SearchAction\",\"target\":{\"@type\":\"EntryPoint\",\"urlTemplate\":\"https:\/\/accesit.md\/ro\/?s={search_term_string}\"},\"query-input\":{\"@type\":\"PropertyValueSpecification\",\"valueRequired\":true,\"valueName\":\"search_term_string\"}}],\"inLanguage\":\"ro-RO\"},{\"@type\":\"Organization\",\"@id\":\"https:\/\/accesit.md\/ro\/#organization\",\"name\":\"ACCESIT\",\"url\":\"https:\/\/accesit.md\/ro\/\",\"logo\":{\"@type\":\"ImageObject\",\"inLanguage\":\"ro-RO\",\"@id\":\"https:\/\/accesit.md\/ro\/#\/schema\/logo\/image\/\",\"url\":\"https:\/\/accesit.md\/wp-content\/uploads\/2022\/02\/logo_accesit-scaled.webp\",\"contentUrl\":\"https:\/\/accesit.md\/wp-content\/uploads\/2022\/02\/logo_accesit-scaled.webp\",\"width\":2560,\"height\":622,\"caption\":\"ACCESIT\"},\"image\":{\"@id\":\"https:\/\/accesit.md\/ro\/#\/schema\/logo\/image\/\"}}]}<\/script>\n<!-- \/ Yoast SEO plugin. -->","yoast_head_json":{"title":"L\u0103sa\u021bi Un Mesaj Sau Un Num\u0103r De Telefon - V\u0103 Vom R\u0103spunde La Orice \u00centrebare","description":"Furniza\u021bi speciali\u0219tilor no\u0219tri datele dvs. de contact - v\u0103 vom contacta \u00een orice mod convenabil pentru dvs. \u0219i vom r\u0103spunde la toate \u00eentreb\u0103rile dvs. despre mobila din Italia. Ve\u021bi r\u0103m\u00e2ne satisf\u0103cut\/\u0103 de serviciile noastre.","robots":{"index":"index","follow":"follow","max-snippet":"max-snippet:-1","max-image-preview":"max-image-preview:large","max-video-preview":"max-video-preview:-1"},"canonical":"https:\/\/accesit.md\/ro\/contacte\/","og_locale":"ro_RO","og_type":"article","og_title":"L\u0103sa\u021bi Un Mesaj Sau Un Num\u0103r De Telefon - V\u0103 Vom R\u0103spunde La Orice \u00centrebare","og_description":"Furniza\u021bi speciali\u0219tilor no\u0219tri datele dvs. de contact - v\u0103 vom contacta \u00een orice mod convenabil pentru dvs. \u0219i vom r\u0103spunde la toate \u00eentreb\u0103rile dvs. despre mobila din Italia. Ve\u021bi r\u0103m\u00e2ne satisf\u0103cut\/\u0103 de serviciile noastre.","og_url":"https:\/\/accesit.md\/ro\/contacte\/","og_site_name":"Accesit","article_modified_time":"2025-05-12T14:57:57+00:00","twitter_card":"summary_large_image","twitter_misc":{"Est. reading time":"1 minute"},"schema":{"@context":"https:\/\/schema.org","@graph":[{"@type":"WebPage","@id":"https:\/\/accesit.md\/ro\/contacte\/","url":"https:\/\/accesit.md\/ro\/contacte\/","name":"L\u0103sa\u021bi Un Mesaj Sau Un Num\u0103r De Telefon - V\u0103 Vom R\u0103spunde La Orice \u00centrebare","isPartOf":{"@id":"https:\/\/accesit.md\/ro\/#website"},"datePublished":"2022-03-21T08:21:28+00:00","dateModified":"2025-05-12T14:57:57+00:00","description":"Furniza\u021bi speciali\u0219tilor no\u0219tri datele dvs. de contact - v\u0103 vom contacta \u00een orice mod convenabil pentru dvs. \u0219i vom r\u0103spunde la toate \u00eentreb\u0103rile dvs. despre mobila din Italia. Ve\u021bi r\u0103m\u00e2ne satisf\u0103cut\/\u0103 de serviciile noastre.","inLanguage":"ro-RO","potentialAction":[{"@type":"ReadAction","target":["https:\/\/accesit.md\/ro\/contacte\/"]}]},{"@type":"WebSite","@id":"https:\/\/accesit.md\/ro\/#website","url":"https:\/\/accesit.md\/ro\/","name":"Accesit","description":"","publisher":{"@id":"https:\/\/accesit.md\/ro\/#organization"},"potentialAction":[{"@type":"SearchAction","target":{"@type":"EntryPoint","urlTemplate":"https:\/\/accesit.md\/ro\/?s={search_term_string}"},"query-input":{"@type":"PropertyValueSpecification","valueRequired":true,"valueName":"search_term_string"}}],"inLanguage":"ro-RO"},{"@type":"Organization","@id":"https:\/\/accesit.md\/ro\/#organization","name":"ACCESIT","url":"https:\/\/accesit.md\/ro\/","logo":{"@type":"ImageObject","inLanguage":"ro-RO","@id":"https:\/\/accesit.md\/ro\/#\/schema\/logo\/image\/","url":"https:\/\/accesit.md\/wp-content\/uploads\/2022\/02\/logo_accesit-scaled.webp","contentUrl":"https:\/\/accesit.md\/wp-content\/uploads\/2022\/02\/logo_accesit-scaled.webp","width":2560,"height":622,"caption":"ACCESIT"},"image":{"@id":"https:\/\/accesit.md\/ro\/#\/schema\/logo\/image\/"}}]}},"_links":{"self":[{"href":"https:\/\/accesit.md\/ro\/wp-json\/wp\/v2\/pages\/6133","targetHints":{"allow":["GET"]}}],"collection":[{"href":"https:\/\/accesit.md\/ro\/wp-json\/wp\/v2\/pages"}],"about":[{"href":"https:\/\/accesit.md\/ro\/wp-json\/wp\/v2\/types\/page"}],"author":[{"embeddable":true,"href":"https:\/\/accesit.md\/ro\/wp-json\/wp\/v2\/users\/1"}],"replies":[{"embeddable":true,"href":"https:\/\/accesit.md\/ro\/wp-json\/wp\/v2\/comments?post=6133"}],"version-history":[{"count":18,"href":"https:\/\/accesit.md\/ro\/wp-json\/wp\/v2\/pages\/6133\/revisions"}],"predecessor-version":[{"id":14386,"href":"https:\/\/accesit.md\/ro\/wp-json\/wp\/v2\/pages\/6133\/revisions\/14386"}],"wp:attachment":[{"href":"https:\/\/accesit.md\/ro\/wp-json\/wp\/v2\/media?parent=6133"}],"curies":[{"name":"wp","href":"https:\/\/api.w.org\/{rel}","templated":true}]}}