{"id":5862,"date":"2022-03-16T15:44:19","date_gmt":"2022-03-16T15:44:19","guid":{"rendered":"https:\/\/accesit.md\/branduri\/"},"modified":"2022-08-04T08:12:45","modified_gmt":"2022-08-04T08:12:45","slug":"branduri","status":"publish","type":"page","link":"https:\/\/accesit.md\/ro\/branduri\/","title":{"rendered":"Branduri"},"content":{"rendered":"\t\t<div data-elementor-type=\"wp-page\" data-elementor-id=\"5862\" class=\"elementor elementor-5862 elementor-5429\" data-elementor-post-type=\"page\">\n\t\t\t\t\t\t<section class=\"elementor-section elementor-top-section elementor-element elementor-element-3052fc4a elementor-section-boxed elementor-section-height-default elementor-section-height-default\" data-id=\"3052fc4a\" data-element_type=\"section\" data-e-type=\"section\">\n\t\t\t\t\t\t<div class=\"elementor-container elementor-column-gap-default\">\n\t\t\t\t\t<div class=\"elementor-column elementor-col-100 elementor-top-column elementor-element elementor-element-5624854\" data-id=\"5624854\" data-element_type=\"column\" data-e-type=\"column\">\n\t\t\t<div class=\"elementor-widget-wrap elementor-element-populated\">\n\t\t\t\t\t\t<div class=\"elementor-element elementor-element-5a7be508 elementor-widget elementor-widget-heading\" data-id=\"5a7be508\" data-element_type=\"widget\" data-e-type=\"widget\" data-widget_type=\"heading.default\">\n\t\t\t\t\t<h2 class=\"elementor-heading-title elementor-size-default\">Br\u0103nduri<\/h2>\t\t\t\t<\/div>\n\t\t\t\t\t<\/div>\n\t\t<\/div>\n\t\t\t\t\t<\/div>\n\t\t<\/section>\n\t\t\t\t<section class=\"elementor-section elementor-top-section elementor-element elementor-element-3d1649bc elementor-section-boxed elementor-section-height-default elementor-section-height-default\" data-id=\"3d1649bc\" data-element_type=\"section\" data-e-type=\"section\">\n\t\t\t\t\t\t<div class=\"elementor-container elementor-column-gap-default\">\n\t\t\t\t\t<div class=\"elementor-column elementor-col-100 elementor-top-column elementor-element elementor-element-35477ffa\" data-id=\"35477ffa\" data-element_type=\"column\" data-e-type=\"column\" data-settings=\"{&quot;background_background&quot;:&quot;classic&quot;}\">\n\t\t\t<div class=\"elementor-widget-wrap elementor-element-populated\">\n\t\t\t\t\t\t<div class=\"elementor-element elementor-element-6500a2f1 elementor-widget elementor-widget-shortcode\" data-id=\"6500a2f1\" data-element_type=\"widget\" data-e-type=\"widget\" data-widget_type=\"shortcode.default\">\n\t\t\t\t\t\t\t<div class=\"elementor-shortcode\">\n\t<div class=\"pwb-az-listing\">\n\t\t<div class=\"pwb-az-listing-header\">\n\t\t\t<ul class=\"pwb-clearfix\">\n\t\t\t\t\t\t\t\t\t<li><a href=\"#pwb-az-listing-a\">a<\/a><\/li>\n\t\t\t\t\t\t\t\t\t<li><a href=\"#pwb-az-listing-b\">b<\/a><\/li>\n\t\t\t\t\t\t\t\t\t<li><a href=\"#pwb-az-listing-d\">d<\/a><\/li>\n\t\t\t\t\t\t\t\t\t<li><a href=\"#pwb-az-listing-f\">f<\/a><\/li>\n\t\t\t\t\t\t\t\t\t<li><a href=\"#pwb-az-listing-g\">g<\/a><\/li>\n\t\t\t\t\t\t\t\t\t<li><a href=\"#pwb-az-listing-h\">h<\/a><\/li>\n\t\t\t\t\t\t\t\t\t<li><a href=\"#pwb-az-listing-i\">i<\/a><\/li>\n\t\t\t\t\t\t\t\t\t<li><a href=\"#pwb-az-listing-k\">k<\/a><\/li>\n\t\t\t\t\t\t\t\t\t<li><a href=\"#pwb-az-listing-l\">l<\/a><\/li>\n\t\t\t\t\t\t\t\t\t<li><a href=\"#pwb-az-listing-m\">m<\/a><\/li>\n\t\t\t\t\t\t\t\t\t<li><a href=\"#pwb-az-listing-n\">n<\/a><\/li>\n\t\t\t\t\t\t\t\t\t<li><a href=\"#pwb-az-listing-p\">p<\/a><\/li>\n\t\t\t\t\t\t\t\t\t<li><a href=\"#pwb-az-listing-s\">s<\/a><\/li>\n\t\t\t\t\t\t\t\t\t<li><a href=\"#pwb-az-listing-t\">t<\/a><\/li>\n\t\t\t\t\t\t\t\t\t<li><a href=\"#pwb-az-listing-v\">v<\/a><\/li>\n\t\t\t\t\t\t\t<\/ul>\n\t\t<\/div>\n\t\t<div class=\"pwb-az-listing-content\">\n\t\t\t\t\t<div id=\"pwb-az-listing-a\" class=\"pwb-az-listing-row pwb-clearfix\">\n\t\t\t\t<p class=\"pwb-az-listing-title\">a<\/p>\n\t\t\t\t<div class=\"pwb-az-listing-row-in\">\n\t\t\t\t\t\t\t\t\t\t\t<div class=\"pwb-az-listing-col\">\n\t\t\t\t\t\t\t<a href=\"https:\/\/accesit.md\/ro\/brand\/adriani-rossi\/\">\n\t\t\t\t\t\t\t\tAdriani Rossi\t\t\t\t\t\t\t<\/a>\n\t\t\t\t\t\t<\/div>\n\t\t\t\t\t\t\t\t\t\t\t<div class=\"pwb-az-listing-col\">\n\t\t\t\t\t\t\t<a href=\"https:\/\/accesit.md\/ro\/brand\/aran-cucine\/\">\n\t\t\t\t\t\t\t\tAran Cucine\t\t\t\t\t\t\t<\/a>\n\t\t\t\t\t\t<\/div>\n\t\t\t\t\t\t\t\t\t\t\t<div class=\"pwb-az-listing-col\">\n\t\t\t\t\t\t\t<a href=\"https:\/\/accesit.md\/ro\/brand\/arturo-alvarez\/\">\n\t\t\t\t\t\t\t\tArturo Alvarez\t\t\t\t\t\t\t<\/a>\n\t\t\t\t\t\t<\/div>\n\t\t\t\t\t\t\t\t\t\t\t<div class=\"pwb-az-listing-col\">\n\t\t\t\t\t\t\t<a href=\"https:\/\/accesit.md\/ro\/brand\/aster-cucine\/\">\n\t\t\t\t\t\t\t\tAster Cucine\t\t\t\t\t\t\t<\/a>\n\t\t\t\t\t\t<\/div>\n\t\t\t\t\t\t\t\t\t<\/div>\n\t\t\t<\/div>\n\t\t\t\t\t<div id=\"pwb-az-listing-b\" class=\"pwb-az-listing-row pwb-clearfix\">\n\t\t\t\t<p class=\"pwb-az-listing-title\">b<\/p>\n\t\t\t\t<div class=\"pwb-az-listing-row-in\">\n\t\t\t\t\t\t\t\t\t\t\t<div class=\"pwb-az-listing-col\">\n\t\t\t\t\t\t\t<a href=\"https:\/\/accesit.md\/ro\/brand\/barnini\/\">\n\t\t\t\t\t\t\t\tBarnini\t\t\t\t\t\t\t<\/a>\n\t\t\t\t\t\t<\/div>\n\t\t\t\t\t\t\t\t\t\t\t<div class=\"pwb-az-listing-col\">\n\t\t\t\t\t\t\t<a href=\"https:\/\/accesit.md\/ro\/brand\/barnini-oseo\/\">\n\t\t\t\t\t\t\t\tBarnini Oseo\t\t\t\t\t\t\t<\/a>\n\t\t\t\t\t\t<\/div>\n\t\t\t\t\t\t\t\t\t\t\t<div class=\"pwb-az-listing-col\">\n\t\t\t\t\t\t\t<a href=\"https:\/\/accesit.md\/ro\/brand\/binova\/\">\n\t\t\t\t\t\t\t\tBinova\t\t\t\t\t\t\t<\/a>\n\t\t\t\t\t\t<\/div>\n\t\t\t\t\t\t\t\t\t\t\t<div class=\"pwb-az-listing-col\">\n\t\t\t\t\t\t\t<a href=\"https:\/\/accesit.md\/ro\/brand\/birex\/\">\n\t\t\t\t\t\t\t\tBirex\t\t\t\t\t\t\t<\/a>\n\t\t\t\t\t\t<\/div>\n\t\t\t\t\t\t\t\t\t\t\t<div class=\"pwb-az-listing-col\">\n\t\t\t\t\t\t\t<a href=\"https:\/\/accesit.md\/ro\/brand\/bmt\/\">\n\t\t\t\t\t\t\t\tBMT\t\t\t\t\t\t\t<\/a>\n\t\t\t\t\t\t<\/div>\n\t\t\t\t\t\t\t\t\t\t\t<div class=\"pwb-az-listing-col\">\n\t\t\t\t\t\t\t<a href=\"https:\/\/accesit.md\/ro\/brand\/bolzan\/\">\n\t\t\t\t\t\t\t\tBolzan\t\t\t\t\t\t\t<\/a>\n\t\t\t\t\t\t<\/div>\n\t\t\t\t\t\t\t\t\t\t\t<div class=\"pwb-az-listing-col\">\n\t\t\t\t\t\t\t<a href=\"https:\/\/accesit.md\/ro\/brand\/bontempi\/\">\n\t\t\t\t\t\t\t\tBontempi\t\t\t\t\t\t\t<\/a>\n\t\t\t\t\t\t<\/div>\n\t\t\t\t\t\t\t\t\t<\/div>\n\t\t\t<\/div>\n\t\t\t\t\t<div id=\"pwb-az-listing-d\" class=\"pwb-az-listing-row pwb-clearfix\">\n\t\t\t\t<p class=\"pwb-az-listing-title\">d<\/p>\n\t\t\t\t<div class=\"pwb-az-listing-row-in\">\n\t\t\t\t\t\t\t\t\t\t\t<div class=\"pwb-az-listing-col\">\n\t\t\t\t\t\t\t<a href=\"https:\/\/accesit.md\/ro\/brand\/domingo\/\">\n\t\t\t\t\t\t\t\tDomingo\t\t\t\t\t\t\t<\/a>\n\t\t\t\t\t\t<\/div>\n\t\t\t\t\t\t\t\t\t\t\t<div class=\"pwb-az-listing-col\">\n\t\t\t\t\t\t\t<a href=\"https:\/\/accesit.md\/ro\/brand\/dv\/\">\n\t\t\t\t\t\t\t\tDV\t\t\t\t\t\t\t<\/a>\n\t\t\t\t\t\t<\/div>\n\t\t\t\t\t\t\t\t\t\t\t<div class=\"pwb-az-listing-col\">\n\t\t\t\t\t\t\t<a href=\"https:\/\/accesit.md\/ro\/brand\/dv-home\/\">\n\t\t\t\t\t\t\t\tDV HOME\t\t\t\t\t\t\t<\/a>\n\t\t\t\t\t\t<\/div>\n\t\t\t\t\t\t\t\t\t<\/div>\n\t\t\t<\/div>\n\t\t\t\t\t<div id=\"pwb-az-listing-f\" class=\"pwb-az-listing-row pwb-clearfix\">\n\t\t\t\t<p class=\"pwb-az-listing-title\">f<\/p>\n\t\t\t\t<div class=\"pwb-az-listing-row-in\">\n\t\t\t\t\t\t\t\t\t\t\t<div class=\"pwb-az-listing-col\">\n\t\t\t\t\t\t\t<a href=\"https:\/\/accesit.md\/ro\/brand\/fenice-italia\/\">\n\t\t\t\t\t\t\t\tFenice Italia\t\t\t\t\t\t\t<\/a>\n\t\t\t\t\t\t<\/div>\n\t\t\t\t\t\t\t\t\t\t\t<div class=\"pwb-az-listing-col\">\n\t\t\t\t\t\t\t<a href=\"https:\/\/accesit.md\/ro\/brand\/ferretti\/\">\n\t\t\t\t\t\t\t\tFerretti\t\t\t\t\t\t\t<\/a>\n\t\t\t\t\t\t<\/div>\n\t\t\t\t\t\t\t\t\t\t\t<div class=\"pwb-az-listing-col\">\n\t\t\t\t\t\t\t<a href=\"https:\/\/accesit.md\/ro\/brand\/fimes\/\">\n\t\t\t\t\t\t\t\tFimes\t\t\t\t\t\t\t<\/a>\n\t\t\t\t\t\t<\/div>\n\t\t\t\t\t\t\t\t\t\t\t<div class=\"pwb-az-listing-col\">\n\t\t\t\t\t\t\t<a href=\"https:\/\/accesit.md\/ro\/brand\/formerin\/\">\n\t\t\t\t\t\t\t\tFormerin\t\t\t\t\t\t\t<\/a>\n\t\t\t\t\t\t<\/div>\n\t\t\t\t\t\t\t\t\t<\/div>\n\t\t\t<\/div>\n\t\t\t\t\t<div id=\"pwb-az-listing-g\" class=\"pwb-az-listing-row pwb-clearfix\">\n\t\t\t\t<p class=\"pwb-az-listing-title\">g<\/p>\n\t\t\t\t<div class=\"pwb-az-listing-row-in\">\n\t\t\t\t\t\t\t\t\t\t\t<div class=\"pwb-az-listing-col\">\n\t\t\t\t\t\t\t<a href=\"https:\/\/accesit.md\/ro\/brand\/gaia\/\">\n\t\t\t\t\t\t\t\tGaia\t\t\t\t\t\t\t<\/a>\n\t\t\t\t\t\t<\/div>\n\t\t\t\t\t\t\t\t\t\t\t<div class=\"pwb-az-listing-col\">\n\t\t\t\t\t\t\t<a href=\"https:\/\/accesit.md\/ro\/brand\/graff\/\">\n\t\t\t\t\t\t\t\tGraff\t\t\t\t\t\t\t<\/a>\n\t\t\t\t\t\t<\/div>\n\t\t\t\t\t\t\t\t\t\t\t<div class=\"pwb-az-listing-col\">\n\t\t\t\t\t\t\t<a href=\"https:\/\/accesit.md\/ro\/brand\/guzzini\/\">\n\t\t\t\t\t\t\t\tGuzzini\t\t\t\t\t\t\t<\/a>\n\t\t\t\t\t\t<\/div>\n\t\t\t\t\t\t\t\t\t\t\t<div class=\"pwb-az-listing-col\">\n\t\t\t\t\t\t\t<a href=\"https:\/\/accesit.md\/ro\/brand\/guzzini-fontana\/\">\n\t\t\t\t\t\t\t\tGuzzini &amp; Fontana\t\t\t\t\t\t\t<\/a>\n\t\t\t\t\t\t<\/div>\n\t\t\t\t\t\t\t\t\t<\/div>\n\t\t\t<\/div>\n\t\t\t\t\t<div id=\"pwb-az-listing-h\" class=\"pwb-az-listing-row pwb-clearfix\">\n\t\t\t\t<p class=\"pwb-az-listing-title\">h<\/p>\n\t\t\t\t<div class=\"pwb-az-listing-row-in\">\n\t\t\t\t\t\t\t\t\t\t\t<div class=\"pwb-az-listing-col\">\n\t\t\t\t\t\t\t<a href=\"https:\/\/accesit.md\/ro\/brand\/hafro\/\">\n\t\t\t\t\t\t\t\tHafro\t\t\t\t\t\t\t<\/a>\n\t\t\t\t\t\t<\/div>\n\t\t\t\t\t\t\t\t\t<\/div>\n\t\t\t<\/div>\n\t\t\t\t\t<div id=\"pwb-az-listing-i\" class=\"pwb-az-listing-row pwb-clearfix\">\n\t\t\t\t<p class=\"pwb-az-listing-title\">i<\/p>\n\t\t\t\t<div class=\"pwb-az-listing-row-in\">\n\t\t\t\t\t\t\t\t\t\t\t<div class=\"pwb-az-listing-col\">\n\t\t\t\t\t\t\t<a href=\"https:\/\/accesit.md\/ro\/brand\/ib-rubinetterie\/\">\n\t\t\t\t\t\t\t\tIB Rubinetterie\t\t\t\t\t\t\t<\/a>\n\t\t\t\t\t\t<\/div>\n\t\t\t\t\t\t\t\t\t<\/div>\n\t\t\t<\/div>\n\t\t\t\t\t<div id=\"pwb-az-listing-k\" class=\"pwb-az-listing-row pwb-clearfix\">\n\t\t\t\t<p class=\"pwb-az-listing-title\">k<\/p>\n\t\t\t\t<div class=\"pwb-az-listing-row-in\">\n\t\t\t\t\t\t\t\t\t\t\t<div class=\"pwb-az-listing-col\">\n\t\t\t\t\t\t\t<a href=\"https:\/\/accesit.md\/ro\/brand\/kico\/\">\n\t\t\t\t\t\t\t\tKico\t\t\t\t\t\t\t<\/a>\n\t\t\t\t\t\t<\/div>\n\t\t\t\t\t\t\t\t\t\t\t<div class=\"pwb-az-listing-col\">\n\t\t\t\t\t\t\t<a href=\"https:\/\/accesit.md\/ro\/brand\/knieff\/\">\n\t\t\t\t\t\t\t\tKnieff\t\t\t\t\t\t\t<\/a>\n\t\t\t\t\t\t<\/div>\n\t\t\t\t\t\t\t\t\t<\/div>\n\t\t\t<\/div>\n\t\t\t\t\t<div id=\"pwb-az-listing-l\" class=\"pwb-az-listing-row pwb-clearfix\">\n\t\t\t\t<p class=\"pwb-az-listing-title\">l<\/p>\n\t\t\t\t<div class=\"pwb-az-listing-row-in\">\n\t\t\t\t\t\t\t\t\t\t\t<div class=\"pwb-az-listing-col\">\n\t\t\t\t\t\t\t<a href=\"https:\/\/accesit.md\/ro\/brand\/la-torre\/\">\n\t\t\t\t\t\t\t\tLa Torre\t\t\t\t\t\t\t<\/a>\n\t\t\t\t\t\t<\/div>\n\t\t\t\t\t\t\t\t\t\t\t<div class=\"pwb-az-listing-col\">\n\t\t\t\t\t\t\t<a href=\"https:\/\/accesit.md\/ro\/brand\/le-comfort\/\">\n\t\t\t\t\t\t\t\tLe Comfort\t\t\t\t\t\t\t<\/a>\n\t\t\t\t\t\t<\/div>\n\t\t\t\t\t\t\t\t\t\t\t<div class=\"pwb-az-listing-col\">\n\t\t\t\t\t\t\t<a href=\"https:\/\/accesit.md\/ro\/brand\/lube\/\">\n\t\t\t\t\t\t\t\tLube\t\t\t\t\t\t\t<\/a>\n\t\t\t\t\t\t<\/div>\n\t\t\t\t\t\t\t\t\t<\/div>\n\t\t\t<\/div>\n\t\t\t\t\t<div id=\"pwb-az-listing-m\" class=\"pwb-az-listing-row pwb-clearfix\">\n\t\t\t\t<p class=\"pwb-az-listing-title\">m<\/p>\n\t\t\t\t<div class=\"pwb-az-listing-row-in\">\n\t\t\t\t\t\t\t\t\t\t\t<div class=\"pwb-az-listing-col\">\n\t\t\t\t\t\t\t<a href=\"https:\/\/accesit.md\/ro\/brand\/masiero\/\">\n\t\t\t\t\t\t\t\tMasiero\t\t\t\t\t\t\t<\/a>\n\t\t\t\t\t\t<\/div>\n\t\t\t\t\t\t\t\t\t\t\t<div class=\"pwb-az-listing-col\">\n\t\t\t\t\t\t\t<a href=\"https:\/\/accesit.md\/ro\/brand\/mercantini\/\">\n\t\t\t\t\t\t\t\tMercantini\t\t\t\t\t\t\t<\/a>\n\t\t\t\t\t\t<\/div>\n\t\t\t\t\t\t\t\t\t\t\t<div class=\"pwb-az-listing-col\">\n\t\t\t\t\t\t\t<a href=\"https:\/\/accesit.md\/ro\/brand\/midj\/\">\n\t\t\t\t\t\t\t\tMidj\t\t\t\t\t\t\t<\/a>\n\t\t\t\t\t\t<\/div>\n\t\t\t\t\t\t\t\t\t\t\t<div class=\"pwb-az-listing-col\">\n\t\t\t\t\t\t\t<a href=\"https:\/\/accesit.md\/ro\/brand\/miton\/\">\n\t\t\t\t\t\t\t\tMiton\t\t\t\t\t\t\t<\/a>\n\t\t\t\t\t\t<\/div>\n\t\t\t\t\t\t\t\t\t<\/div>\n\t\t\t<\/div>\n\t\t\t\t\t<div id=\"pwb-az-listing-n\" class=\"pwb-az-listing-row pwb-clearfix\">\n\t\t\t\t<p class=\"pwb-az-listing-title\">n<\/p>\n\t\t\t\t<div class=\"pwb-az-listing-row-in\">\n\t\t\t\t\t\t\t\t\t\t\t<div class=\"pwb-az-listing-col\">\n\t\t\t\t\t\t\t<a href=\"https:\/\/accesit.md\/ro\/brand\/namon\/\">\n\t\t\t\t\t\t\t\tNamon\t\t\t\t\t\t\t<\/a>\n\t\t\t\t\t\t<\/div>\n\t\t\t\t\t\t\t\t\t\t\t<div class=\"pwb-az-listing-col\">\n\t\t\t\t\t\t\t<a href=\"https:\/\/accesit.md\/ro\/brand\/nicoline\/\">\n\t\t\t\t\t\t\t\tNicoline\t\t\t\t\t\t\t<\/a>\n\t\t\t\t\t\t<\/div>\n\t\t\t\t\t\t\t\t\t<\/div>\n\t\t\t<\/div>\n\t\t\t\t\t<div id=\"pwb-az-listing-p\" class=\"pwb-az-listing-row pwb-clearfix\">\n\t\t\t\t<p class=\"pwb-az-listing-title\">p<\/p>\n\t\t\t\t<div class=\"pwb-az-listing-row-in\">\n\t\t\t\t\t\t\t\t\t\t\t<div class=\"pwb-az-listing-col\">\n\t\t\t\t\t\t\t<a href=\"https:\/\/accesit.md\/ro\/brand\/pianca\/\">\n\t\t\t\t\t\t\t\tPianca\t\t\t\t\t\t\t<\/a>\n\t\t\t\t\t\t<\/div>\n\t\t\t\t\t\t\t\t\t\t\t<div class=\"pwb-az-listing-col\">\n\t\t\t\t\t\t\t<a href=\"https:\/\/accesit.md\/ro\/brand\/piermaria\/\">\n\t\t\t\t\t\t\t\tPiermaria\t\t\t\t\t\t\t<\/a>\n\t\t\t\t\t\t<\/div>\n\t\t\t\t\t\t\t\t\t\t\t<div class=\"pwb-az-listing-col\">\n\t\t\t\t\t\t\t<a href=\"https:\/\/accesit.md\/ro\/brand\/pietro-costantini\/\">\n\t\t\t\t\t\t\t\tPietro Costantini\t\t\t\t\t\t\t<\/a>\n\t\t\t\t\t\t<\/div>\n\t\t\t\t\t\t\t\t\t<\/div>\n\t\t\t<\/div>\n\t\t\t\t\t<div id=\"pwb-az-listing-s\" class=\"pwb-az-listing-row pwb-clearfix\">\n\t\t\t\t<p class=\"pwb-az-listing-title\">s<\/p>\n\t\t\t\t<div class=\"pwb-az-listing-row-in\">\n\t\t\t\t\t\t\t\t\t\t\t<div class=\"pwb-az-listing-col\">\n\t\t\t\t\t\t\t<a href=\"https:\/\/accesit.md\/ro\/brand\/sovet\/\">\n\t\t\t\t\t\t\t\tSovet\t\t\t\t\t\t\t<\/a>\n\t\t\t\t\t\t<\/div>\n\t\t\t\t\t\t\t\t\t<\/div>\n\t\t\t<\/div>\n\t\t\t\t\t<div id=\"pwb-az-listing-t\" class=\"pwb-az-listing-row pwb-clearfix\">\n\t\t\t\t<p class=\"pwb-az-listing-title\">t<\/p>\n\t\t\t\t<div class=\"pwb-az-listing-row-in\">\n\t\t\t\t\t\t\t\t\t\t\t<div class=\"pwb-az-listing-col\">\n\t\t\t\t\t\t\t<a href=\"https:\/\/accesit.md\/ro\/brand\/talenti\/\">\n\t\t\t\t\t\t\t\tTalenti\t\t\t\t\t\t\t<\/a>\n\t\t\t\t\t\t<\/div>\n\t\t\t\t\t\t\t\t\t\t\t<div class=\"pwb-az-listing-col\">\n\t\t\t\t\t\t\t<a href=\"https:\/\/accesit.md\/ro\/brand\/tirolo\/\">\n\t\t\t\t\t\t\t\tTirolo\t\t\t\t\t\t\t<\/a>\n\t\t\t\t\t\t<\/div>\n\t\t\t\t\t\t\t\t\t<\/div>\n\t\t\t<\/div>\n\t\t\t\t\t<div id=\"pwb-az-listing-v\" class=\"pwb-az-listing-row pwb-clearfix\">\n\t\t\t\t<p class=\"pwb-az-listing-title\">v<\/p>\n\t\t\t\t<div class=\"pwb-az-listing-row-in\">\n\t\t\t\t\t\t\t\t\t\t\t<div class=\"pwb-az-listing-col\">\n\t\t\t\t\t\t\t<a href=\"https:\/\/accesit.md\/ro\/brand\/valderamobili\/\">\n\t\t\t\t\t\t\t\tValderamobili\t\t\t\t\t\t\t<\/a>\n\t\t\t\t\t\t<\/div>\n\t\t\t\t\t\t\t\t\t\t\t<div class=\"pwb-az-listing-col\">\n\t\t\t\t\t\t\t<a href=\"https:\/\/accesit.md\/ro\/brand\/volpi\/\">\n\t\t\t\t\t\t\t\tVolpi\t\t\t\t\t\t\t<\/a>\n\t\t\t\t\t\t<\/div>\n\t\t\t\t\t\t\t\t\t<\/div>\n\t\t\t<\/div>\n\t\t\t\t<\/div>\n\t<\/div>\n<\/div>\n\t\t\t\t\t\t<\/div>\n\t\t\t\t\t<\/div>\n\t\t<\/div>\n\t\t\t\t\t<\/div>\n\t\t<\/section>\n\t\t\t\t<\/div>\n\t\t","protected":false},"excerpt":{"rendered":"<p>Br\u0103nduri<\/p>\n","protected":false},"author":1,"featured_media":0,"parent":0,"menu_order":0,"comment_status":"closed","ping_status":"closed","template":"elementor_header_footer","meta":{"_eb_attr":"","footnotes":""},"class_list":["post-5862","page","type-page","status-publish"],"yoast_head":"<!-- This site is optimized with the Yoast SEO plugin v27.2 - https:\/\/yoast.com\/product\/yoast-seo-wordpress\/ -->\n<title>Branduri Italiene. Crea\u021bi-v\u0103 Un Interior Elegant \u0218i Realiza\u021bi-v\u0103 Visele<\/title>\n<meta name=\"description\" content=\"V\u0103 prezent\u0103m branduri italiene specializate \u00een produc\u021bia de mobilier pentru buc\u0103t\u0103rie, sufragerie, dormitoare, baie, camer\u0103 pentru copii. Aici ve\u021bi g\u0103si branduri cunoscute, specializate \u00een producerea de accesorii pentru cas\u0103, precum \u0219i \u00een producerea de mobilier de gr\u0103din\u0103.\" \/>\n<meta name=\"robots\" content=\"index, follow, max-snippet:-1, max-image-preview:large, max-video-preview:-1\" \/>\n<link rel=\"canonical\" href=\"https:\/\/accesit.md\/ro\/branduri\/\" \/>\n<meta property=\"og:locale\" content=\"ro_RO\" \/>\n<meta property=\"og:type\" content=\"article\" \/>\n<meta property=\"og:title\" content=\"Branduri Italiene. Crea\u021bi-v\u0103 Un Interior Elegant \u0218i Realiza\u021bi-v\u0103 Visele\" \/>\n<meta property=\"og:description\" content=\"V\u0103 prezent\u0103m branduri italiene specializate \u00een produc\u021bia de mobilier pentru buc\u0103t\u0103rie, sufragerie, dormitoare, baie, camer\u0103 pentru copii. Aici ve\u021bi g\u0103si branduri cunoscute, specializate \u00een producerea de accesorii pentru cas\u0103, precum \u0219i \u00een producerea de mobilier de gr\u0103din\u0103.\" \/>\n<meta property=\"og:url\" content=\"https:\/\/accesit.md\/ro\/branduri\/\" \/>\n<meta property=\"og:site_name\" content=\"Accesit\" \/>\n<meta property=\"article:modified_time\" content=\"2022-08-04T08:12:45+00:00\" \/>\n<meta name=\"twitter:card\" content=\"summary_large_image\" \/>\n<meta name=\"twitter:label1\" content=\"Est. reading time\" \/>\n\t<meta name=\"twitter:data1\" content=\"1 minute\" \/>\n<script type=\"application\/ld+json\" class=\"yoast-schema-graph\">{\"@context\":\"https:\/\/schema.org\",\"@graph\":[{\"@type\":\"WebPage\",\"@id\":\"https:\/\/accesit.md\/ro\/branduri\/\",\"url\":\"https:\/\/accesit.md\/ro\/branduri\/\",\"name\":\"Branduri Italiene. Crea\u021bi-v\u0103 Un Interior Elegant \u0218i Realiza\u021bi-v\u0103 Visele\",\"isPartOf\":{\"@id\":\"https:\/\/accesit.md\/ro\/#website\"},\"datePublished\":\"2022-03-16T15:44:19+00:00\",\"dateModified\":\"2022-08-04T08:12:45+00:00\",\"description\":\"V\u0103 prezent\u0103m branduri italiene specializate \u00een produc\u021bia de mobilier pentru buc\u0103t\u0103rie, sufragerie, dormitoare, baie, camer\u0103 pentru copii. Aici ve\u021bi g\u0103si branduri cunoscute, specializate \u00een producerea de accesorii pentru cas\u0103, precum \u0219i \u00een producerea de mobilier de gr\u0103din\u0103.\",\"inLanguage\":\"ro-RO\",\"potentialAction\":[{\"@type\":\"ReadAction\",\"target\":[\"https:\/\/accesit.md\/ro\/branduri\/\"]}]},{\"@type\":\"WebSite\",\"@id\":\"https:\/\/accesit.md\/ro\/#website\",\"url\":\"https:\/\/accesit.md\/ro\/\",\"name\":\"Accesit\",\"description\":\"\",\"publisher\":{\"@id\":\"https:\/\/accesit.md\/ro\/#organization\"},\"potentialAction\":[{\"@type\":\"SearchAction\",\"target\":{\"@type\":\"EntryPoint\",\"urlTemplate\":\"https:\/\/accesit.md\/ro\/?s={search_term_string}\"},\"query-input\":{\"@type\":\"PropertyValueSpecification\",\"valueRequired\":true,\"valueName\":\"search_term_string\"}}],\"inLanguage\":\"ro-RO\"},{\"@type\":\"Organization\",\"@id\":\"https:\/\/accesit.md\/ro\/#organization\",\"name\":\"ACCESIT\",\"url\":\"https:\/\/accesit.md\/ro\/\",\"logo\":{\"@type\":\"ImageObject\",\"inLanguage\":\"ro-RO\",\"@id\":\"https:\/\/accesit.md\/ro\/#\/schema\/logo\/image\/\",\"url\":\"https:\/\/accesit.md\/wp-content\/uploads\/2022\/02\/logo_accesit-scaled.webp\",\"contentUrl\":\"https:\/\/accesit.md\/wp-content\/uploads\/2022\/02\/logo_accesit-scaled.webp\",\"width\":2560,\"height\":622,\"caption\":\"ACCESIT\"},\"image\":{\"@id\":\"https:\/\/accesit.md\/ro\/#\/schema\/logo\/image\/\"}}]}<\/script>\n<!-- \/ Yoast SEO plugin. -->","yoast_head_json":{"title":"Branduri Italiene. Crea\u021bi-v\u0103 Un Interior Elegant \u0218i Realiza\u021bi-v\u0103 Visele","description":"V\u0103 prezent\u0103m branduri italiene specializate \u00een produc\u021bia de mobilier pentru buc\u0103t\u0103rie, sufragerie, dormitoare, baie, camer\u0103 pentru copii. Aici ve\u021bi g\u0103si branduri cunoscute, specializate \u00een producerea de accesorii pentru cas\u0103, precum \u0219i \u00een producerea de mobilier de gr\u0103din\u0103.","robots":{"index":"index","follow":"follow","max-snippet":"max-snippet:-1","max-image-preview":"max-image-preview:large","max-video-preview":"max-video-preview:-1"},"canonical":"https:\/\/accesit.md\/ro\/branduri\/","og_locale":"ro_RO","og_type":"article","og_title":"Branduri Italiene. Crea\u021bi-v\u0103 Un Interior Elegant \u0218i Realiza\u021bi-v\u0103 Visele","og_description":"V\u0103 prezent\u0103m branduri italiene specializate \u00een produc\u021bia de mobilier pentru buc\u0103t\u0103rie, sufragerie, dormitoare, baie, camer\u0103 pentru copii. Aici ve\u021bi g\u0103si branduri cunoscute, specializate \u00een producerea de accesorii pentru cas\u0103, precum \u0219i \u00een producerea de mobilier de gr\u0103din\u0103.","og_url":"https:\/\/accesit.md\/ro\/branduri\/","og_site_name":"Accesit","article_modified_time":"2022-08-04T08:12:45+00:00","twitter_card":"summary_large_image","twitter_misc":{"Est. reading time":"1 minute"},"schema":{"@context":"https:\/\/schema.org","@graph":[{"@type":"WebPage","@id":"https:\/\/accesit.md\/ro\/branduri\/","url":"https:\/\/accesit.md\/ro\/branduri\/","name":"Branduri Italiene. Crea\u021bi-v\u0103 Un Interior Elegant \u0218i Realiza\u021bi-v\u0103 Visele","isPartOf":{"@id":"https:\/\/accesit.md\/ro\/#website"},"datePublished":"2022-03-16T15:44:19+00:00","dateModified":"2022-08-04T08:12:45+00:00","description":"V\u0103 prezent\u0103m branduri italiene specializate \u00een produc\u021bia de mobilier pentru buc\u0103t\u0103rie, sufragerie, dormitoare, baie, camer\u0103 pentru copii. Aici ve\u021bi g\u0103si branduri cunoscute, specializate \u00een producerea de accesorii pentru cas\u0103, precum \u0219i \u00een producerea de mobilier de gr\u0103din\u0103.","inLanguage":"ro-RO","potentialAction":[{"@type":"ReadAction","target":["https:\/\/accesit.md\/ro\/branduri\/"]}]},{"@type":"WebSite","@id":"https:\/\/accesit.md\/ro\/#website","url":"https:\/\/accesit.md\/ro\/","name":"Accesit","description":"","publisher":{"@id":"https:\/\/accesit.md\/ro\/#organization"},"potentialAction":[{"@type":"SearchAction","target":{"@type":"EntryPoint","urlTemplate":"https:\/\/accesit.md\/ro\/?s={search_term_string}"},"query-input":{"@type":"PropertyValueSpecification","valueRequired":true,"valueName":"search_term_string"}}],"inLanguage":"ro-RO"},{"@type":"Organization","@id":"https:\/\/accesit.md\/ro\/#organization","name":"ACCESIT","url":"https:\/\/accesit.md\/ro\/","logo":{"@type":"ImageObject","inLanguage":"ro-RO","@id":"https:\/\/accesit.md\/ro\/#\/schema\/logo\/image\/","url":"https:\/\/accesit.md\/wp-content\/uploads\/2022\/02\/logo_accesit-scaled.webp","contentUrl":"https:\/\/accesit.md\/wp-content\/uploads\/2022\/02\/logo_accesit-scaled.webp","width":2560,"height":622,"caption":"ACCESIT"},"image":{"@id":"https:\/\/accesit.md\/ro\/#\/schema\/logo\/image\/"}}]}},"_links":{"self":[{"href":"https:\/\/accesit.md\/ro\/wp-json\/wp\/v2\/pages\/5862","targetHints":{"allow":["GET"]}}],"collection":[{"href":"https:\/\/accesit.md\/ro\/wp-json\/wp\/v2\/pages"}],"about":[{"href":"https:\/\/accesit.md\/ro\/wp-json\/wp\/v2\/types\/page"}],"author":[{"embeddable":true,"href":"https:\/\/accesit.md\/ro\/wp-json\/wp\/v2\/users\/1"}],"replies":[{"embeddable":true,"href":"https:\/\/accesit.md\/ro\/wp-json\/wp\/v2\/comments?post=5862"}],"version-history":[{"count":5,"href":"https:\/\/accesit.md\/ro\/wp-json\/wp\/v2\/pages\/5862\/revisions"}],"predecessor-version":[{"id":16131,"href":"https:\/\/accesit.md\/ro\/wp-json\/wp\/v2\/pages\/5862\/revisions\/16131"}],"wp:attachment":[{"href":"https:\/\/accesit.md\/ro\/wp-json\/wp\/v2\/media?parent=5862"}],"curies":[{"name":"wp","href":"https:\/\/api.w.org\/{rel}","templated":true}]}}